{"id":2458,"date":"2018-10-20T10:23:20","date_gmt":"2018-10-20T10:23:20","guid":{"rendered":"http:\/\/waltzing-matilda.eu\/?page_id=2458"},"modified":"2021-03-10T11:36:04","modified_gmt":"2021-03-10T11:36:04","slug":"reisebericht-australien-2008","status":"publish","type":"page","link":"https:\/\/waltzing-matilda.eu\/?page_id=2458","title":{"rendered":"Reisebericht Australien 2008"},"content":{"rendered":"\t\t<div data-elementor-type=\"wp-post\" data-elementor-id=\"2458\" class=\"elementor elementor-2458\">\n\t\t\t\t\t\t<div class=\"elementor-inner\">\n\t\t\t\t<div class=\"elementor-section-wrap\">\n\t\t\t\t\t\t\t\t\t<section class=\"elementor-section elementor-top-section elementor-element elementor-element-91f19c6 elementor-section-boxed elementor-section-height-default elementor-section-height-default\" data-id=\"91f19c6\" data-element_type=\"section\">\n\t\t\t\t\t\t<div class=\"elementor-container elementor-column-gap-default\">\n\t\t\t\t\t\t\t<div class=\"elementor-row\">\n\t\t\t\t\t<div class=\"elementor-column elementor-col-100 elementor-top-column elementor-element elementor-element-a775a44\" data-id=\"a775a44\" data-element_type=\"column\">\n\t\t\t<div class=\"elementor-column-wrap elementor-element-populated\">\n\t\t\t\t\t\t\t<div class=\"elementor-widget-wrap\">\n\t\t\t\t\t\t<div class=\"elementor-element elementor-element-7b355a9 elementor-widget-divider--view-line elementor-widget elementor-widget-divider\" data-id=\"7b355a9\" data-element_type=\"widget\" data-widget_type=\"divider.default\">\n\t\t\t\t<div class=\"elementor-widget-container\">\n\t\t\t\t\t<div class=\"elementor-divider\">\n\t\t\t<span class=\"elementor-divider-separator\">\n\t\t\t\t\t\t<\/span>\n\t\t<\/div>\n\t\t\t\t<\/div>\n\t\t\t\t<\/div>\n\t\t\t\t\t\t<\/div>\n\t\t\t\t\t<\/div>\n\t\t<\/div>\n\t\t\t\t\t\t\t\t<\/div>\n\t\t\t\t\t<\/div>\n\t\t<\/section>\n\t\t\t\t<section class=\"elementor-section elementor-top-section elementor-element elementor-element-f5b39ae elementor-section-boxed elementor-section-height-default elementor-section-height-default\" data-id=\"f5b39ae\" data-element_type=\"section\">\n\t\t\t\t\t\t<div class=\"elementor-container elementor-column-gap-default\">\n\t\t\t\t\t\t\t<div class=\"elementor-row\">\n\t\t\t\t\t<div class=\"elementor-column elementor-col-100 elementor-top-column elementor-element elementor-element-4005fb5\" data-id=\"4005fb5\" data-element_type=\"column\">\n\t\t\t<div class=\"elementor-column-wrap elementor-element-populated\">\n\t\t\t\t\t\t\t<div class=\"elementor-widget-wrap\">\n\t\t\t\t\t\t<div class=\"elementor-element elementor-element-6343f38 elementor-invisible elementor-widget elementor-widget-heading\" data-id=\"6343f38\" data-element_type=\"widget\" data-settings=\"{&quot;_animation&quot;:&quot;zoomInLeft&quot;}\" data-widget_type=\"heading.default\">\n\t\t\t\t<div class=\"elementor-widget-container\">\n\t\t\t<h2 class=\"elementor-heading-title elementor-size-default\"><a href=\"https:\/\/waltzing-matilda.eu\/?page_id=17714\">Australien 2008<\/a><\/h2>\t\t<\/div>\n\t\t\t\t<\/div>\n\t\t\t\t\t\t<\/div>\n\t\t\t\t\t<\/div>\n\t\t<\/div>\n\t\t\t\t\t\t\t\t<\/div>\n\t\t\t\t\t<\/div>\n\t\t<\/section>\n\t\t\t\t<section class=\"elementor-section elementor-top-section elementor-element elementor-element-38e0d1af elementor-section-boxed elementor-section-height-default elementor-section-height-default elementor-invisible\" data-id=\"38e0d1af\" data-element_type=\"section\" data-settings=\"{&quot;animation&quot;:&quot;zoomIn&quot;,&quot;background_background&quot;:&quot;classic&quot;}\">\n\t\t\t\t\t\t<div class=\"elementor-container elementor-column-gap-default\">\n\t\t\t\t\t\t\t<div class=\"elementor-row\">\n\t\t\t\t\t<div class=\"elementor-column elementor-col-100 elementor-top-column elementor-element elementor-element-77b8e045\" data-id=\"77b8e045\" data-element_type=\"column\">\n\t\t\t<div class=\"elementor-column-wrap elementor-element-populated\">\n\t\t\t\t\t\t\t<div class=\"elementor-widget-wrap\">\n\t\t\t\t\t\t<div class=\"elementor-element elementor-element-2a105613 elementor-widget elementor-widget-text-editor\" data-id=\"2a105613\" data-element_type=\"widget\" data-widget_type=\"text-editor.default\">\n\t\t\t\t<div class=\"elementor-widget-container\">\n\t\t\t\t\t\t\t\t<div class=\"elementor-text-editor elementor-clearfix\">\n\t\t\t\t<table border=\"0\" width=\"90%\"><colgroup> <col width=\"20%\" \/> <col width=\"80%\" \/> <\/colgroup><tbody><tr><td valign=\"top\"><span style=\"color: yellow; font-family: verdana; font-size: medium;\"><b>15. &#8211; 23. Januar<\/b><\/span><\/td><td><span style=\"text-decoration: underline;\"><a href=\"https:\/\/ausopen.com\/\" target=\"_blank\" rel=\"noopener\"><span style=\"color: red; font-family: verdana; font-size: medium; text-decoration: underline;\"><b>Australian Open<\/b><\/span><\/a><\/span> <span style=\"color: white; font-family: verdana; font-size: medium;\">und Sightseeing <\/span> <span style=\"text-decoration: underline;\"><a href=\"http:\/\/www.australia.com\/de\/explore\/cities\/melbourne.aspx\" target=\"_blank\" rel=\"noopener\"> <span style=\"color: red; font-family: verdana; font-size: medium; text-decoration: underline;\"><b>Melbourne<\/b><\/span> <\/a><\/span> <span style=\"color: white; font-family: verdana; font-size: medium;\"> Graet Ocean Road, <\/span><\/td><\/tr><tr><td valign=\"top\"><span style=\"color: yellow; font-family: verdana; font-size: medium;\"><b>23.Jan.-4.Februar<\/b><\/span><\/td><td><span style=\"color: white; font-family: verdana; font-size: medium;\">Tasmanien, Start in <\/span> <span style=\"text-decoration: underline;\"><span style=\"color: #ff0000;\"><a style=\"color: #ff0000; text-decoration: underline;\" href=\"http:\/\/www.australia.com\/de\/explore\/cities\/hobart.aspx\" target=\"_blank\" rel=\"noopener\"> <span style=\"font-family: verdana; font-size: medium;\"><b>Hobart<\/b><\/span><\/a><\/span><\/span><span style=\"color: red; font-family: verdana; font-size: medium;\"> <span style=\"color: white; font-family: verdana; font-size: medium;\"> &#8211; Dover mit Besuch vom <\/span> <span style=\"text-decoration: underline;\"><span style=\"color: #ff0000;\"><a style=\"color: #ff0000; text-decoration: underline;\" href=\"http:\/\/www.discovertasmania.com.au\/about\/regions-of-tasmania\/hobart-and-south\/cockle-creek\" target=\"_blank\" rel=\"noopener\"> <b>Cockle Creek N.P.<\/b><\/a><\/span><\/span> <span style=\"color: white; font-family: verdana; font-size: medium;\"> und <\/span> <span style=\"text-decoration: underline;\"><span style=\"color: #ff0000;\"><a style=\"color: #ff0000; text-decoration: underline;\" href=\"http:\/\/www.discovertasmania.com.au\/about\/national-parks-and-wilderness\/hartz-mountains-national-park\" target=\"_blank\" rel=\"noopener\"> <b>Hartz Mt. N.P<\/b><\/a><\/span><\/span> <span style=\"color: white; font-family: verdana; font-size: medium;\">, n\u00e4chste Stationen<\/span> <span style=\"text-decoration: underline;\"><span style=\"color: #ff0000;\"><a style=\"color: #ff0000; text-decoration: underline;\" href=\"http:\/\/www.parks.tas.gov.au\/indeX.aspX?base=3462\" target=\"_blank\" rel=\"noopener\"> <b> Lake St. Clair<\/b><\/a><\/span><\/span> <span style=\"color: white; font-family: verdana; font-size: medium;\"> und <\/span> <span style=\"text-decoration: underline;\"><span style=\"color: #ff0000;\"><a style=\"color: #ff0000; text-decoration: underline;\" href=\"http:\/\/de.wikipedia.org\/wiki\/Dove_Lake_%28Tasmanien%29\" target=\"_blank\" rel=\"noopener\"> <b> Lake Dove<\/b><\/a><\/span><\/span> <span style=\"color: white; font-family: verdana; font-size: medium;\">, dann Wynyard mit<\/span> <span style=\"text-decoration: underline;\"><span style=\"color: #ff0000;\"><a style=\"color: #ff0000; text-decoration: underline;\" href=\"http:\/\/www.parks.tas.gov.au\/indeX.aspX?base=3698\" target=\"_blank\" rel=\"noopener\"> <b>Rocky Cape N.P.<\/b><\/a><\/span><\/span> <span style=\"color: white; font-family: verdana; font-size: medium;\"> und &#8222;The Nut&#8220; in <\/span> <span style=\"text-decoration: underline;\"><span style=\"color: #ff0000;\"><a style=\"color: #ff0000; text-decoration: underline;\" href=\"http:\/\/www.stanley.com.au\/\" target=\"_blank\" rel=\"noopener\"> <b>Stanley<\/b><\/a><\/span><\/span> <span style=\"color: white; font-family: verdana; font-size: medium;\">, weiter \u00fcber Davenport nach Beauty Point, Launceston zum <\/span> <span style=\"text-decoration: underline;\"><span style=\"color: #ff0000;\"><a style=\"color: #ff0000; text-decoration: underline;\" href=\"http:\/\/www.parks.tas.gov.au\/indeX.aspX?base=3363\" target=\"_blank\" rel=\"noopener\"> <b>Freycenet N.P. <\/b><\/a><\/span><\/span><b><\/b> <\/span><\/td><\/tr><tr><td valign=\"top\"><span style=\"color: yellow; font-family: verdana; font-size: medium;\"><b> 4. Februar<\/b><\/span><\/td><td><span style=\"color: white; font-family: verdana; font-size: medium;\">Abflug von Hobart nach Perth \u00fcber Melbourne<\/span><\/td><\/tr><tr><td valign=\"top\"><span style=\"color: yellow; font-family: verdana; font-size: medium;\"><b>4.-21.Februar<\/b><\/span><\/td><td><span style=\"color: white; font-family: verdana; font-size: medium;\">Westaustralien &#8211; Fahrt \u00fcber Hyden<\/span> <span style=\"text-decoration: underline;\"><a href=\"http:\/\/www.waverock.com.au\/\" target=\"_blank\" rel=\"noopener\"> <span style=\"color: red; font-family: verdana; font-size: medium; text-decoration: underline;\"><b>-Wave Rock-<\/b><\/span><\/a><\/span> <span style=\"color: white; font-family: verdana; font-size: medium;\">nach Esperance,<\/span> <span style=\"text-decoration: underline;\"><a href=\"http:\/\/parks.dpaw.wa.gov.au\/park\/cape-le-grand\" target=\"_blank\" rel=\"noopener\"> <span style=\"color: red; font-family: verdana; font-size: medium; text-decoration: underline;\"><b>Cape Le Grand N. P.<\/b><\/span><\/a><\/span> <span style=\"color: white; font-family: verdana; font-size: medium;\"> mit Hellfire Beach und Frenchman Peak &#8211; diverse Strandwanderungen, entlang des K\u00fcsten-Highways mit Besuch der meisten Str\u00e4nde, einer sch\u00f6ner als der andere, \u00fcber Albany mit Besuch des <\/span> <span style=\"text-decoration: underline;\"><a href=\"http:\/\/parks.dpaw.wa.gov.au\/park\/torndirrup\" target=\"_blank\" rel=\"noopener\"> <span style=\"color: red; font-family: verdana; font-size: medium; text-decoration: underline;\"><b>Torndirup N.P.<\/b><\/span><\/a><\/span> <span style=\"color: white; font-family: verdana; font-size: medium;\">nach Augusta, von hier \u00fcber <\/span> <span style=\"text-decoration: underline;\"><a href=\"http:\/\/www.margaretriver.com\/\" target=\"_blank\" rel=\"noopener\"> <span style=\"color: red; font-family: verdana; font-size: medium; text-decoration: underline;\"><b>Margret River<\/b><\/span><\/a><\/span> <span style=\"color: white; font-family: verdana; font-size: medium;\">, Busselton, Bunburry und Freemantle nach <span style=\"text-decoration: underline;\"><a href=\"http:\/\/www.australia.com\/de\/explore\/cities\/perth.aspx\" target=\"_blank\" rel=\"noopener\"> <span style=\"color: red; font-family: verdana; font-size: medium; text-decoration: underline;\"><b>Perth<\/b><\/span><\/a><\/span><\/span><\/td><\/tr><tr><td valign=\"top\"><span style=\"color: yellow; font-family: verdana; font-size: medium;\"><b>21.-28. Februar<\/b><\/span><\/td><td><span style=\"color: white; font-family: verdana; font-size: medium;\">Flug nach Adelaide, Not\u00fcbernachtung an der Garage auf dem <\/span> <span style=\"text-decoration: underline;\"><a href=\"http:\/\/www.brownhillcreekcaravanpark.com.au\/\" target=\"_blank\" rel=\"noopener\"><span style=\"color: red; font-family: verdana; font-size: medium; text-decoration: underline;\"><b>Brown Hill Creek Touristpark ****<\/b><\/span><\/a><\/span><span style=\"color: red; font-family: verdana; font-size: medium;\"> <span style=\"color: white; font-family: verdana; font-size: medium;\"> (ausgebucht wegen eines Autorennens), und am 23.2. F\u00e4hre nach Kangaroo Island, von Penneshaw \u00fcber Kingscote zum <\/span> <strong><span style=\"color: #ff0000;\"><a style=\"color: #ff0000; text-decoration: underline;\" href=\"http:\/\/www.environment.sa.gov.au\/parks\/Find_a_Park\/Browse_by_region\/Kangaroo_Island\/Flinders_Chase\" target=\"_blank\" rel=\"noopener\"> Flinders Chase N.P.<\/a><\/span><\/strong> <span style=\"color: white; font-family: verdana; font-size: medium;\">,leider waren einige Teile wegen der Br\u00e4nde im Dez. 2007 nicht erreichbar. Remarkable Rocks, <\/span> <span style=\"color: white; font-family: verdana; font-size: medium;\">Admirals Arch, Seal Bay und Hanson Bay<\/span> <\/span><\/td><\/tr><tr><td valign=\"top\"><span style=\"color: yellow; font-family: verdana; font-size: medium;\"><b>28.-Februar-13. M\u00e4rz<\/b><\/span><\/td><td><span style=\"color: white; font-family: verdana; font-size: medium;\">R\u00fcckfahrt nach Adelaide, Ferienwohnung in<\/span> <span style=\"text-decoration: underline;\"><a href=\"https:\/\/www.oakshotels.com\/en\/oaks-liberty-towers\/\" target=\"_blank\" rel=\"noopener\"> <span style=\"color: red; font-family: verdana; font-size: medium; text-decoration: underline;\"><b>Glenelg, Oaks Liberty Towers ****<\/b><\/span><\/a><\/span><\/td><\/tr><tr><td valign=\"top\"><span style=\"color: yellow; font-family: verdana; font-size: medium;\"><b>13. M\u00e4rz<\/b><\/span><\/td><td><span style=\"color: white; font-family: verdana; font-size: medium;\">R\u00fcckflug nach Deutschland.<\/span><\/td><\/tr><\/tbody><\/table>\t\t\t\t\t<\/div>\n\t\t\t\t\t\t<\/div>\n\t\t\t\t<\/div>\n\t\t\t\t\t\t<\/div>\n\t\t\t\t\t<\/div>\n\t\t<\/div>\n\t\t\t\t\t\t\t\t<\/div>\n\t\t\t\t\t<\/div>\n\t\t<\/section>\n\t\t\t\t<section class=\"elementor-section elementor-top-section elementor-element elementor-element-5edd267 elementor-section-boxed elementor-section-height-default elementor-section-height-default\" data-id=\"5edd267\" data-element_type=\"section\" data-settings=\"{&quot;background_background&quot;:&quot;classic&quot;}\">\n\t\t\t\t\t\t<div class=\"elementor-container elementor-column-gap-default\">\n\t\t\t\t\t\t\t<div class=\"elementor-row\">\n\t\t\t\t\t<div class=\"elementor-column elementor-col-100 elementor-top-column elementor-element elementor-element-573cdb6\" data-id=\"573cdb6\" data-element_type=\"column\">\n\t\t\t<div class=\"elementor-column-wrap\">\n\t\t\t\t\t\t\t<div class=\"elementor-widget-wrap\">\n\t\t\t\t\t\t\t\t<\/div>\n\t\t\t\t\t<\/div>\n\t\t<\/div>\n\t\t\t\t\t\t\t\t<\/div>\n\t\t\t\t\t<\/div>\n\t\t<\/section>\n\t\t\t\t\t\t\t\t\t<\/div>\n\t\t\t<\/div>\n\t\t\t\t\t<\/div>\n\t\t","protected":false},"excerpt":{"rendered":"<p>Australien 2008 15. &#8211; 23. Januar Australian Open und Sightseeing Melbourne Graet Ocean Road, 23.Jan.-4.Februar [&hellip;]<\/p>\n","protected":false},"author":1,"featured_media":0,"parent":2440,"menu_order":0,"comment_status":"closed","ping_status":"closed","template":"template-full.php","meta":[],"_links":{"self":[{"href":"https:\/\/waltzing-matilda.eu\/index.php?rest_route=\/wp\/v2\/pages\/2458"}],"collection":[{"href":"https:\/\/waltzing-matilda.eu\/index.php?rest_route=\/wp\/v2\/pages"}],"about":[{"href":"https:\/\/waltzing-matilda.eu\/index.php?rest_route=\/wp\/v2\/types\/page"}],"author":[{"embeddable":true,"href":"https:\/\/waltzing-matilda.eu\/index.php?rest_route=\/wp\/v2\/users\/1"}],"replies":[{"embeddable":true,"href":"https:\/\/waltzing-matilda.eu\/index.php?rest_route=%2Fwp%2Fv2%2Fcomments&post=2458"}],"version-history":[{"count":37,"href":"https:\/\/waltzing-matilda.eu\/index.php?rest_route=\/wp\/v2\/pages\/2458\/revisions"}],"predecessor-version":[{"id":37070,"href":"https:\/\/waltzing-matilda.eu\/index.php?rest_route=\/wp\/v2\/pages\/2458\/revisions\/37070"}],"up":[{"embeddable":true,"href":"https:\/\/waltzing-matilda.eu\/index.php?rest_route=\/wp\/v2\/pages\/2440"}],"wp:attachment":[{"href":"https:\/\/waltzing-matilda.eu\/index.php?rest_route=%2Fwp%2Fv2%2Fmedia&parent=2458"}],"curies":[{"name":"wp","href":"https:\/\/api.w.org\/{rel}","templated":true}]}}