{"id":6669,"date":"2018-10-23T17:17:23","date_gmt":"2018-10-23T17:17:23","guid":{"rendered":"http:\/\/waltzing-matilda.eu\/?page_id=6669"},"modified":"2022-07-21T14:58:56","modified_gmt":"2022-07-21T14:58:56","slug":"reisebericht-2001","status":"publish","type":"page","link":"https:\/\/waltzing-matilda.eu\/?page_id=6669","title":{"rendered":"Reisebericht Australien 2001"},"content":{"rendered":"\t\t<div data-elementor-type=\"wp-post\" data-elementor-id=\"6669\" class=\"elementor elementor-6669\">\n\t\t\t\t\t\t<div class=\"elementor-inner\">\n\t\t\t\t<div class=\"elementor-section-wrap\">\n\t\t\t\t\t\t\t\t\t<section class=\"elementor-section elementor-top-section elementor-element elementor-element-8c38e7d elementor-section-boxed elementor-section-height-default elementor-section-height-default\" data-id=\"8c38e7d\" data-element_type=\"section\">\n\t\t\t\t\t\t<div class=\"elementor-container elementor-column-gap-default\">\n\t\t\t\t\t\t\t<div class=\"elementor-row\">\n\t\t\t\t\t<div class=\"elementor-column elementor-col-100 elementor-top-column elementor-element elementor-element-f3d481b\" data-id=\"f3d481b\" data-element_type=\"column\">\n\t\t\t<div class=\"elementor-column-wrap elementor-element-populated\">\n\t\t\t\t\t\t\t<div class=\"elementor-widget-wrap\">\n\t\t\t\t\t\t<div class=\"elementor-element elementor-element-d62a608 elementor-widget-divider--view-line elementor-widget elementor-widget-divider\" data-id=\"d62a608\" data-element_type=\"widget\" data-widget_type=\"divider.default\">\n\t\t\t\t<div class=\"elementor-widget-container\">\n\t\t\t\t\t<div class=\"elementor-divider\">\n\t\t\t<span class=\"elementor-divider-separator\">\n\t\t\t\t\t\t<\/span>\n\t\t<\/div>\n\t\t\t\t<\/div>\n\t\t\t\t<\/div>\n\t\t\t\t\t\t<\/div>\n\t\t\t\t\t<\/div>\n\t\t<\/div>\n\t\t\t\t\t\t\t\t<\/div>\n\t\t\t\t\t<\/div>\n\t\t<\/section>\n\t\t\t\t<section class=\"elementor-section elementor-top-section elementor-element elementor-element-ee302ae elementor-section-boxed elementor-section-height-default elementor-section-height-default\" data-id=\"ee302ae\" data-element_type=\"section\">\n\t\t\t\t\t\t<div class=\"elementor-container elementor-column-gap-default\">\n\t\t\t\t\t\t\t<div class=\"elementor-row\">\n\t\t\t\t\t<div class=\"elementor-column elementor-col-100 elementor-top-column elementor-element elementor-element-eb5c168\" data-id=\"eb5c168\" data-element_type=\"column\">\n\t\t\t<div class=\"elementor-column-wrap elementor-element-populated\">\n\t\t\t\t\t\t\t<div class=\"elementor-widget-wrap\">\n\t\t\t\t\t\t<div class=\"elementor-element elementor-element-2b5f17e elementor-invisible elementor-widget elementor-widget-heading\" data-id=\"2b5f17e\" data-element_type=\"widget\" data-settings=\"{&quot;_animation&quot;:&quot;zoomInLeft&quot;}\" data-widget_type=\"heading.default\">\n\t\t\t\t<div class=\"elementor-widget-container\">\n\t\t\t<h2 class=\"elementor-heading-title elementor-size-default\"><a href=\"https:\/\/waltzing-matilda.eu\/?page_id=863\">Australien 2001<\/a><\/h2>\t\t<\/div>\n\t\t\t\t<\/div>\n\t\t\t\t\t\t<\/div>\n\t\t\t\t\t<\/div>\n\t\t<\/div>\n\t\t\t\t\t\t\t\t<\/div>\n\t\t\t\t\t<\/div>\n\t\t<\/section>\n\t\t\t\t<section class=\"elementor-section elementor-top-section elementor-element elementor-element-4dad02dc elementor-section-boxed elementor-section-height-default elementor-section-height-default elementor-invisible\" data-id=\"4dad02dc\" data-element_type=\"section\" data-settings=\"{&quot;animation&quot;:&quot;zoomIn&quot;,&quot;background_background&quot;:&quot;classic&quot;}\">\n\t\t\t\t\t\t<div class=\"elementor-container elementor-column-gap-default\">\n\t\t\t\t\t\t\t<div class=\"elementor-row\">\n\t\t\t\t\t<div class=\"elementor-column elementor-col-100 elementor-top-column elementor-element elementor-element-218096a2\" data-id=\"218096a2\" data-element_type=\"column\">\n\t\t\t<div class=\"elementor-column-wrap elementor-element-populated\">\n\t\t\t\t\t\t\t<div class=\"elementor-widget-wrap\">\n\t\t\t\t\t\t<div class=\"elementor-element elementor-element-58ae6ae9 elementor-widget elementor-widget-text-editor\" data-id=\"58ae6ae9\" data-element_type=\"widget\" data-widget_type=\"text-editor.default\">\n\t\t\t\t<div class=\"elementor-widget-container\">\n\t\t\t\t\t\t\t\t<div class=\"elementor-text-editor elementor-clearfix\">\n\t\t\t\t<h6><strong><span style=\"color: #ffff00;\">\u00a0<\/span><\/strong><\/h6><table border=\"0\" width=\"90%\"><colgroup> <col width=\"20%\" \/> <col width=\"80%\" \/> <\/colgroup><tbody><tr><td valign=\"top\"><h3><strong><span style=\"color: yellow; font-family: verdana; font-size: small;\"> 1. April<\/span><\/strong><\/h3><\/td><td><h3><strong><span style=\"color: white; font-family: verdana; font-size: small;\">Start, Probleme mit NL Eisenbahn, Malaysian Airways. 1. Mal Business,6:20 Ankunft in Kuala Lumpur,<\/span><\/strong><\/h3><\/td><\/tr><tr><td valign=\"top\"><h3><strong><span style=\"color: yellow; font-family: verdana; font-size: small;\"> 2. <\/span><\/strong><\/h3><\/td><td><h3><strong><span style=\"color: white; font-family: verdana; font-size: small;\">10:15 Abflug nach Sydney, 19:40 S. , betrunkene Passagierin. Schuhreinigung, waren danach bestimmt MKS- Frei , Madisons Hotel &#8211; Kings Cross<\/span><\/strong><\/h3><\/td><\/tr><tr><td valign=\"top\"><h3><strong><span style=\"color: yellow; font-family: verdana; font-size: small;\"> 3. <\/span><\/strong><\/h3><\/td><td><h3><strong><span style=\"color: white; font-family: verdana; font-size: small;\">Sightseeing CBD und Darling Harbour <\/span><\/strong><\/h3><\/td><\/tr><tr><td valign=\"top\"><h3><strong><span style=\"color: yellow; font-family: verdana; font-size: small;\"> 4. <\/span><\/strong><\/h3><\/td><td><h3><strong><span style=\"color: white; font-family: verdana; font-size: small;\">Diner mit Familie Mangrai<\/span><\/strong><\/h3><\/td><\/tr><tr><td valign=\"top\"><h3><strong><span style=\"color: yellow; font-family: verdana; font-size: small;\"> 5. <\/span><\/strong><\/h3><\/td><td><h3><strong><span style=\"color: white; font-family: verdana; font-size: small;\">\u00dcbernahme Camper, Fahrt Richtung S\u00fcden zum <\/span> <a href=\"http:\/\/www.nationalparks.nsw.gov.au\/visit-a-park\/parks\/royal-national-park\" target=\"_blank\" rel=\"noopener\"><span style=\"color: red; font-family: verdana; font-size: small;\">Royal N.P.,<\/span><\/a> <span style=\"color: white; font-family: verdana; font-size: small;\">\u00dcbernachtung im<\/span> <a href=\"http:\/\/www.wollongongtouristparks.com.au\/corrimal\/Pages\/default.aspx\" target=\"_blank\" rel=\"noopener\"><span style=\"color: red; font-family: verdana; font-size: small;\"> Corrimal Beach Tourist Park<\/span><\/a> <span style=\"color: white; font-family: verdana; font-size: small;\">, Abendessen Toast und Suppe.<\/span><\/strong><\/h3><\/td><\/tr><tr><td valign=\"top\"><h3><strong><span style=\"color: yellow; font-family: verdana; font-size: small;\">6. <\/span><\/strong><\/h3><\/td><td><h3><strong><span style=\"color: white; font-family: verdana; font-size: small;\">Fahrt \u00fcber Jervis Bay zum<\/span> <a href=\"http:\/\/www.merrybeach.com.au\/\" target=\"_blank\" rel=\"noopener\"><span style=\"color: red; font-family: verdana; font-size: small;\">Merry Beach Caravan Park<\/span><\/a><\/strong><\/h3><\/td><\/tr><tr><td valign=\"top\"><h3><strong><span style=\"color: yellow; font-family: verdana; font-size: small;\">7. <\/span><\/strong><\/h3><\/td><td><h3><strong><a href=\"http:\/\/mallacootacaravanpark.com\/\" target=\"_blank\" rel=\"noopener\"><span style=\"color: red; font-family: verdana; font-size: small;\">Shady Gully Caravan Park<\/span><\/a> <span style=\"color: white; font-family: verdana; font-size: small;\">, mit besonders scharfen M\u00fccken!<\/span><\/strong><\/h3><\/td><\/tr><tr><td valign=\"top\"><h3><strong><span style=\"color: yellow; font-family: verdana; font-size: small;\">8. <\/span><\/strong><\/h3><\/td><td><h3><strong><span style=\"color: white; font-family: verdana; font-size: small;\">Fahrt nach Lakes Entrance , mit einem Abstecher zum Bemm Riverder erste Regentag, \u00dcbernachtung im <\/span> <a href=\"http:\/\/www.koonwarrapark.com.au\/\" target=\"_blank\" rel=\"noopener\"><span style=\"color: red; font-family: verdana; font-size: small;\">Koonwarra Family Holiday Park<\/span><\/a><\/strong><\/h3><\/td><\/tr><tr><td valign=\"top\"><h3><strong><span style=\"color: yellow; font-family: verdana; font-size: small;\">9. <\/span><\/strong><\/h3><\/td><td><h3><strong><span style=\"color: white; font-family: verdana; font-size: small;\">Fahrt zum <a href=\"http:\/\/parkweb.vic.gov.au\/explore\/parks\/tarra-bulga-national-park\" target=\"_blank\" rel=\"noopener\"><span style=\"color: red; font-family: verdana; font-size: small;\"> Tarra Bulga N.P.<\/span><\/a> , mit Stop &#8222;Jamies Point&#8220; &#8211; Fotoshooting und \u00fcber Gipsland Coastal Park, Abfahrt verpasst, Truck Road (Gott sei Dank ohne Gegenverkehr) \u00dcbernachtung im <a href=\"http:\/\/www.caravan-parkfinder.com.au\/campsites-and-caravan-parks\/view\/9937-harbour-view-caravan-park\" target=\"_blank\" rel=\"noopener\"> <span style=\"color: red; font-family: verdana; font-size: small;\">Harbour View Caravan Park<\/span><\/a> in Port Albert. Diner im &#8222;Customer&#8220;, heute &#8222;Custom House Inn&#8220;. Super Fisch!!!<\/span><\/strong><\/h3><\/td><\/tr><tr><td valign=\"top\"><h3><strong><span style=\"color: yellow; font-family: verdana; font-size: small;\">10. <\/span><\/strong><\/h3><\/td><td><h3><strong><span style=\"color: white; font-family: verdana; font-size: small;\">Fahrt nach <\/span> <a href=\"http:\/\/www.visitphillipisland.com\/\" target=\"_blank\" rel=\"noopener\"><span style=\"color: red; font-family: verdana; font-size: small;\">Philipp Island<\/span><\/a> <span style=\"color: white; font-family: verdana; font-size: small;\"> ,auf dem Weg dorthin wollten wir zu den &#8222;Giant Worms&#8220;<\/span> <a href=\"http:\/\/twentytwowords.com\/massive-australian-earthworm-can-grow-up-to-9-feet-long-7-pictures\/\" target=\"_blank\" rel=\"noopener\"> <span style=\"color: red; font-family: verdana; font-size: small;\">&#8222;Giant Worms&#8220;<\/span><\/a> <span style=\"color: white; font-family: verdana; font-size: small;\"> ,war aber ein Reinfall, abends <\/span> <a href=\"http:\/\/www.penguins.org.au\/\" target=\"_blank\" rel=\"noopener\"> <span style=\"color: red; font-family: verdana; font-size: small;\">Pinguin Parade<\/span><\/a><\/strong><\/h3><\/td><\/tr><tr><td valign=\"top\"><h3><span style=\"color: yellow; font-family: verdana; font-size: medium;\">11<\/span><span style=\"color: yellow; font-family: verdana; font-size: medium;\">. <\/span><\/h3><\/td><td><h3><strong><span style=\"color: white; font-family: verdana; font-size: small;\">Rennkurs Besichtigung und Fahrt Richtung Melbourne. Wegen starken Windes nahmen wir nicht die F\u00e4hre nach Queenscliff. Gegen Abend erreichten wir Halls Gap, \u00dcbernachtung im <\/span> <a href=\"http:\/\/hallsgapcaravanpark.com.au\/\" target=\"_blank\" rel=\"noopener\"> <span style=\"color: red; font-family: verdana; font-size: small;\"> Halls Gap Caravan Park <\/span><\/a><\/strong><\/h3><\/td><\/tr><tr><td valign=\"top\"><h3><strong><span style=\"color: yellow; font-family: verdana; font-size: small;\">12. <\/span><\/strong><\/h3><\/td><td><h3><strong><span style=\"color: white; font-family: verdana; font-size: small;\">Wanderung zum Pinnacle Aussichtspunkt im<\/span> <a href=\"http:\/\/parkweb.vic.gov.au\/explore\/parks\/grampians-national-park\" target=\"_blank\" rel=\"noopener\"> <span style=\"color: red; font-family: verdana; font-size: small;\"> Grampians N.P.<\/span><\/a> <span style=\"color: white; font-family: verdana; font-size: small;\"> ,&#8220;Balconies&#8220; konnten wir nicht besuchen, war gesperrt wegen Bauarbeiten.<\/span> <span style=\"color: white; font-family: verdana; font-size: small;\">Neue Unterkunft im<\/span> <a href=\"http:\/\/www.parkgateresort.com.au\/\" target=\"_blank\" rel=\"noopener\"> <span style=\"color: red; font-family: verdana; font-size: small;\">Big 4 Park Gate Resort<\/span><\/a><\/strong><\/h3><\/td><\/tr><tr><td valign=\"top\"><h3><strong><span style=\"color: yellow; font-family: verdana; font-size: small;\">13. <\/span><\/strong><\/h3><\/td><td><h3><strong><span style=\"color: white; font-family: verdana; font-size: small;\">Abfahrt Richtung Adelaide, an der <\/span> <a href=\"http:\/\/www.murrayriver.com.au\/fruit-fly-free-zone\/\" target=\"_blank\" rel=\"noopener\"> <span style=\"color: red; font-family: verdana; font-size: small;\"> &#8222;Fruit Fly Grenze&#8220; <\/span><\/a> <span style=\"color: white; font-family: verdana; font-size: small;\"> wurde alles Obst vertilgt, bei Ankunft in Murray Bridge reagierte der Magen sauer.<\/span><\/strong><\/h3><\/td><\/tr><tr><td valign=\"top\"><h3><strong><span style=\"color: yellow; font-family: verdana; font-size: small;\">14. <\/span><\/strong><\/h3><\/td><td><h3><strong><span style=\"color: white; font-family: verdana; font-size: small;\">Einkauf in Murray Bridge,Dampferfahrt, 16 Uhr Abfahrt nach Adelaide, <\/span> <a href=\"http:\/\/www.brownhillcreekcaravanpark.com.au\/\" target=\"_blank\" rel=\"noopener\"><span style=\"color: red; font-family: verdana; font-size: small;\"> Brown Hill Creek Caravan Park\u00a0<\/span><\/a><span style=\"color: white; font-family: verdana; font-size: small;\"><span style=\"color: #ff0000;\">****<\/span>, Spitze, mit eigener Dusche und WC. 19 Uhr Diner bei Langos.<\/span><\/strong><\/h3><\/td><\/tr><tr><td valign=\"top\"><h3><strong><span style=\"color: yellow; font-family: verdana; font-size: small;\">15. <\/span><\/strong><\/h3><\/td><td><h3><strong><span style=\"color: white; font-family: verdana; font-size: small;\">Ostersonntag &#8211; Fr\u00fchst\u00fcck bei Antje und Bernd, abends Nudelhaus <\/span><\/strong><\/h3><\/td><\/tr><tr><td valign=\"top\"><h3><strong><span style=\"color: yellow; font-family: verdana; font-size: small;\">16. <\/span><\/strong><\/h3><\/td><td><h3><strong><span style=\"color: white; font-family: verdana; font-size: small;\">11 Uhr Abfahrt nach Glenelg, \u00dcbernachtung im <a href=\"http:\/\/www.stamford.com.au\/sga\/glenelg-hotel-accommodation\/hotel-features\" target=\"_blank\" rel=\"noopener\"> <span style=\"color: red; font-family: verdana; font-size: small;\"> Stamford Hotel<\/span><\/a><\/span><\/strong><\/h3><\/td><\/tr><tr><td valign=\"top\"><h3><strong><span style=\"color: yellow; font-family: verdana; font-size: small;\">17. <\/span><\/strong><\/h3><\/td><td><h3><strong><span style=\"color: white; font-family: verdana; font-size: small;\">Abfahrt 11 Uhr Richtung Great Ocean Road, Ankunft in Narracoorte ca. 16 Uhr, <\/span> <a href=\"http:\/\/www.big4.com.au\/caravan-parks\/sa\/limestone-coast\/naracoorte-holiday-park?gclid=CMWwsabn9MUCFdcjvQod7wwABQ\" target=\"_blank\" rel=\"noopener\"> <span style=\"color: red; font-family: verdana; font-size: small;\">Narracoorte Holiday Park<\/span><\/a><\/strong><\/h3><\/td><\/tr><tr><td valign=\"top\"><h3><strong><span style=\"color: yellow; font-family: verdana; font-size: small;\">18. <\/span><\/strong><\/h3><\/td><td><h3><strong><span style=\"color: white; font-family: verdana; font-size: small;\">Fahrt nach Port Fairy , <\/span> <a href=\"http:\/\/www.portfairycaravanparks.com\/node\/3\" target=\"_blank\" rel=\"noopener\"><span style=\"color: red; font-family: verdana; font-size: small;\">Southcombe Caravan Park<\/span><\/a><\/strong><\/h3><\/td><\/tr><tr><td valign=\"top\"><h3><strong><span style=\"color: yellow; font-family: verdana; font-size: small;\">19. <\/span><\/strong><\/h3><\/td><td><h3><strong><span style=\"color: white; font-family: verdana; font-size: small;\">12 Apostel, Shipwreck Coast, Cape Otway, <\/span> <a href=\"http:\/\/www.bimbipark.com.au\/\" target=\"_blank\" rel=\"noopener\"> <span style=\"color: red; font-family: verdana; font-size: small;\">Bimbi Park<\/span><\/a> <span style=\"color: white; font-family: verdana; font-size: small;\"> , war der schlechteste auf der gesamten Reise<\/span><\/strong><\/h3><\/td><\/tr><tr><td valign=\"top\"><h3><strong><span style=\"color: yellow; font-family: verdana; font-size: small;\">20. <\/span><\/strong><\/h3><\/td><td><h3><strong><a href=\"http:\/\/parkweb.vic.gov.au\/explore\/parks\/great-otway-national-park\" target=\"_blank\" rel=\"noopener\"><span style=\"color: red; font-family: verdana; font-size: small;\">Cape Otway N.P.<\/span><\/a> <span style=\"color: white; font-family: verdana; font-size: small;\">, mit Koalas, Weiterfahrt nach Apollo Bay , Unterkunft <\/span> <a href=\"http:\/\/www.apollocp.com.au\/\" target=\"_blank\" rel=\"noopener\"><span style=\"color: red; font-family: verdana; font-size: small;\">Kooringal Holiday Park<\/span><\/a><\/strong><\/h3><\/td><\/tr><tr><td valign=\"top\"><h3><strong><span style=\"color: yellow; font-family: verdana; font-size: small;\">21. <\/span><\/strong><\/h3><\/td><td><h3><strong><span style=\"color: white; font-family: verdana; font-size: small;\">Fahrt nach Geelong, Regen ohne Ende, Unterkunft <\/span> <a href=\"http:\/\/www.barwoncaravanpark.com.au\/\" target=\"_blank\" rel=\"noopener\"><span style=\"color: red; font-family: verdana; font-size: small;\">Barwon Caravan Park<\/span><\/a><\/strong><\/h3><\/td><\/tr><tr><td valign=\"top\"><h3><strong><span style=\"color: yellow; font-family: verdana; font-size: small;\">22. <\/span><\/strong><\/h3><\/td><td><h3><strong><span style=\"color: white; font-family: verdana; font-size: small;\">Loch im Dach , kein Fahrzeugtausch, Abgabe 1 Tag fr\u00fcher, Hway war durch die Regenf\u00e4lle schon \u00fcberschwemmt. Wir hatten Gl\u00fcck und kamen noch nach Melbourne. Wenig sp\u00e4ter &#8211; Vollsperrung! So hatten wir 1 Nacht mehr im <a href=\"http:\/\/www.causeway.com.au\/\" target=\"_blank\" rel=\"noopener\"><span style=\"color: red; font-family: verdana; font-size: small;\"> Causeway Inn<\/span><\/a><\/span><\/strong><\/h3><\/td><\/tr><tr><td valign=\"top\"><h3><strong><span style=\"color: yellow; font-family: verdana; font-size: small;\">23. <\/span><\/strong><\/h3><\/td><td><h3><strong><span style=\"color: white; font-family: verdana; font-size: small;\"> Regen, Regen, Regen! Aquarium, Italiener, Hard Rock Cafe <\/span><\/strong><\/h3><\/td><\/tr><tr><td valign=\"top\"><h3><strong><span style=\"color: yellow; font-family: verdana; font-size: small;\">24. <\/span><\/strong><\/h3><\/td><td><h3><strong><span style=\"color: white; font-family: verdana; font-size: small;\"> Flug nach Launceston, PKW \u00dcbernahme und Fahrt nach Cradle Mountain , <a href=\"http:\/\/www.big4.com.au\/caravan-parks\/tas\/devonport-cradle-mountain-great-western-tiers\/discovery-holiday-parks-cradle-mountain\" target=\"_blank\" rel=\"noopener\"> <span style=\"color: red; font-family: verdana; font-size: small;\"> Cradle Mountain Tourist Park<\/span><\/a><\/span><\/strong><\/h3><\/td><\/tr><tr><td valign=\"top\"><h3><strong><span style=\"color: yellow; font-family: verdana; font-size: small;\">25. <\/span><\/strong><\/h3><\/td><td><h3><strong><span style=\"color: white; font-family: verdana; font-size: small;\">Wanderung um den Lake Dove und Weiterfahrt nach Strahan. Abends stand Trevally auf der Speisekarte. Kreuzfahrt zum Gordon River war ausgebucht, aber das Wetter war auch zu schlecht.<\/span><\/strong><\/h3><\/td><\/tr><tr><td valign=\"top\"><h3><strong><span style=\"color: yellow; font-family: verdana; font-size: small;\">26. <\/span><\/strong><\/h3><\/td><td><h3><strong><span style=\"color: white; font-family: verdana; font-size: small;\">N\u00e4chstes Ziel: Lake St. Clair \u00fcber Queenstown. Schreckliche Landschaft, unwirklich, Sch\u00e4den sind durch die F\u00f6rderung und Verarbeitung von Kupfer entstanden. Wegen Regen aber nur kurzer Aufenthalt. Fahrt Richtung Hobart, 2 Anhalterinnen mitgenommen. Abends Mt. Nelson &#8211; fantastischer Blick \u00fcber Hobart<\/span><\/strong><\/h3><\/td><\/tr><tr><td valign=\"top\"><h3><strong><span style=\"color: yellow; font-family: verdana; font-size: small;\">27. <\/span><\/strong><\/h3><\/td><td><h3><strong><a href=\"http:\/\/www.brunyisland.org.au\/\" target=\"_blank\" rel=\"noopener\"> <span style=\"color: red; font-family: verdana; font-size: small;\"> Bruny Island<\/span><\/a><\/strong><\/h3><\/td><\/tr><tr><td valign=\"top\"><h3><strong><span style=\"color: yellow; font-family: verdana; font-size: small;\">28. <\/span><\/strong><\/h3><\/td><td><h3><strong><span style=\"color: white; font-family: verdana; font-size: small;\">Peninsula N.P.,, Mt. Nelson , tolles Wetter mit genialem Ausblick. Fahrt Richtung <\/span> <a href=\"http:\/\/portarthur.org.au\/\" target=\"_blank\" rel=\"noopener\"> <span style=\"color: red; font-family: verdana; font-size: small;\"> Port Arthur<\/span><\/a> <span style=\"color: white; font-family: verdana; font-size: small;\">anschlie\u00dfend<\/span> <a href=\"https:\/\/tasmaniandevilunzoo.com.au\/\" target=\"_blank\" rel=\"noopener\"> <span style=\"color: red; font-family: verdana; font-size: small;\"> Tasmanian Devil Park<\/span><\/a><\/strong><\/h3><\/td><\/tr><tr><td valign=\"top\"><h3><strong><span style=\"color: yellow; font-family: verdana; font-size: small;\">29. <\/span><\/strong><\/h3><\/td><td><h3><strong><span style=\"color: white; font-family: verdana; font-size: small;\">Fahrt nach <\/span> <a href=\"http:\/\/www.richmondvillage.com.au\/\" target=\"_blank\" rel=\"noopener\"> <span style=\"color: red; font-family: verdana; font-size: small;\"> Richmond. <\/span><\/a> <span style=\"color: white; font-family: verdana; font-size: small;\">Abends Abflug nach Melbourne<\/span><\/strong><\/h3><\/td><\/tr><tr><td valign=\"top\"><h3><strong><span style=\"color: yellow; font-family: verdana; font-size: small;\">30. <\/span><\/strong><\/h3><\/td><td><h3><strong><span style=\"color: white; font-family: verdana; font-size: small;\">Sch\u00f6nes Wetter, Dampferfahrt nach Willianstown, danach <\/span> <a href=\"http:\/\/www.rialto.com.au\/\" target=\"_blank\" rel=\"noopener\"> <span style=\"color: red; font-family: verdana; font-size: small;\"> Rialto Tower <\/span><\/a> <span style=\"color: white; font-family: verdana; font-size: small;\">. Wie immer Diner beim <\/span> <a href=\"http:\/\/www.spaghettitree.com.au\/\" target=\"_blank\" rel=\"noopener\"> <span style=\"color: red; font-family: verdana; font-size: small;\"> Italiener (Spaghetti Tree)<\/span><\/a> <span style=\"color: white; font-family: verdana; font-size: small;\">. Hervorragend!! Danach &#8222;Hard Rock Cafe&#8220; &#8211; bekannte Rituale.<\/span><\/strong><\/h3><\/td><\/tr><tr><td valign=\"top\"><h3><strong><span style=\"color: yellow; font-family: verdana; font-size: small;\">1. Mai<\/span><\/strong><\/h3><\/td><td><h3><strong><a href=\"http:\/\/www.qvm.com.au\/\" target=\"_blank\" rel=\"noopener\"> <span style=\"color: red; font-family: verdana; font-size: small;\"> Queen Victoria Markets<\/span><\/a> <span style=\"color: white; font-family: verdana; font-size: small;\"> und <\/span> <a href=\"https:\/\/www.crownhotels.com.au\/melbourne\/crown-promenade\" target=\"_blank\" rel=\"noopener\"> <span style=\"color: red; font-family: verdana; font-size: small;\"> Crown Hotel <\/span><\/a><\/strong><\/h3><\/td><\/tr><tr><td valign=\"top\"><h3><strong><span style=\"color: yellow; font-family: verdana; font-size: small;\">2. Mai<\/span><\/strong><\/h3><\/td><td><h3><strong><span style=\"color: white; font-family: verdana; font-size: small;\">Besuch Flinders Park<\/span><\/strong><\/h3><\/td><\/tr><tr><td valign=\"top\"><h3><strong><span style=\"color: yellow; font-family: verdana; font-size: small;\">3. Mai<\/span><\/strong><\/h3><\/td><td><h3><strong><span style=\"color: white; font-family: verdana; font-size: small;\"> Fr\u00fchst\u00fcck in der Business Lounge, mittags Abflug.<\/span><\/strong><\/h3><\/td><\/tr><\/tbody><\/table>\t\t\t\t\t<\/div>\n\t\t\t\t\t\t<\/div>\n\t\t\t\t<\/div>\n\t\t\t\t\t\t<\/div>\n\t\t\t\t\t<\/div>\n\t\t<\/div>\n\t\t\t\t\t\t\t\t<\/div>\n\t\t\t\t\t<\/div>\n\t\t<\/section>\n\t\t\t\t<section class=\"elementor-section elementor-top-section elementor-element elementor-element-f6e5fe4 elementor-section-boxed elementor-section-height-default elementor-section-height-default\" data-id=\"f6e5fe4\" data-element_type=\"section\">\n\t\t\t\t\t\t<div class=\"elementor-container elementor-column-gap-default\">\n\t\t\t\t\t\t\t<div class=\"elementor-row\">\n\t\t\t\t\t<div class=\"elementor-column elementor-col-100 elementor-top-column elementor-element elementor-element-4296bf2\" data-id=\"4296bf2\" data-element_type=\"column\">\n\t\t\t<div class=\"elementor-column-wrap elementor-element-populated\">\n\t\t\t\t\t\t\t<div class=\"elementor-widget-wrap\">\n\t\t\t\t\t\t<div class=\"elementor-element elementor-element-fef597b elementor-align-center elementor-widget elementor-widget-button\" data-id=\"fef597b\" data-element_type=\"widget\" data-widget_type=\"button.default\">\n\t\t\t\t<div class=\"elementor-widget-container\">\n\t\t\t\t\t<div class=\"elementor-button-wrapper\">\n\t\t\t<a href=\"#top\" class=\"elementor-button-link elementor-button elementor-size-sm elementor-animation-pulse\" role=\"button\">\n\t\t\t\t\t\t<span class=\"elementor-button-content-wrapper\">\n\t\t\t\t\t\t<span class=\"elementor-button-text\">nach oben<\/span>\n\t\t<\/span>\n\t\t\t\t\t<\/a>\n\t\t<\/div>\n\t\t\t\t<\/div>\n\t\t\t\t<\/div>\n\t\t\t\t\t\t<\/div>\n\t\t\t\t\t<\/div>\n\t\t<\/div>\n\t\t\t\t\t\t\t\t<\/div>\n\t\t\t\t\t<\/div>\n\t\t<\/section>\n\t\t\t\t\t\t\t\t\t<\/div>\n\t\t\t<\/div>\n\t\t\t\t\t<\/div>\n\t\t","protected":false},"excerpt":{"rendered":"<p>Australien 2001 \u00a0 1. April Start, Probleme mit NL Eisenbahn, Malaysian Airways. 1. Mal Business,6:20 [&hellip;]<\/p>\n","protected":false},"author":1,"featured_media":0,"parent":2440,"menu_order":0,"comment_status":"closed","ping_status":"closed","template":"template-full.php","meta":[],"_links":{"self":[{"href":"https:\/\/waltzing-matilda.eu\/index.php?rest_route=\/wp\/v2\/pages\/6669"}],"collection":[{"href":"https:\/\/waltzing-matilda.eu\/index.php?rest_route=\/wp\/v2\/pages"}],"about":[{"href":"https:\/\/waltzing-matilda.eu\/index.php?rest_route=\/wp\/v2\/types\/page"}],"author":[{"embeddable":true,"href":"https:\/\/waltzing-matilda.eu\/index.php?rest_route=\/wp\/v2\/users\/1"}],"replies":[{"embeddable":true,"href":"https:\/\/waltzing-matilda.eu\/index.php?rest_route=%2Fwp%2Fv2%2Fcomments&post=6669"}],"version-history":[{"count":43,"href":"https:\/\/waltzing-matilda.eu\/index.php?rest_route=\/wp\/v2\/pages\/6669\/revisions"}],"predecessor-version":[{"id":39116,"href":"https:\/\/waltzing-matilda.eu\/index.php?rest_route=\/wp\/v2\/pages\/6669\/revisions\/39116"}],"up":[{"embeddable":true,"href":"https:\/\/waltzing-matilda.eu\/index.php?rest_route=\/wp\/v2\/pages\/2440"}],"wp:attachment":[{"href":"https:\/\/waltzing-matilda.eu\/index.php?rest_route=%2Fwp%2Fv2%2Fmedia&parent=6669"}],"curies":[{"name":"wp","href":"https:\/\/api.w.org\/{rel}","templated":true}]}}