{"id":911,"date":"2018-10-17T15:27:12","date_gmt":"2018-10-17T15:27:12","guid":{"rendered":"http:\/\/waltzing-matilda.eu\/?page_id=911"},"modified":"2021-11-09T10:24:22","modified_gmt":"2021-11-09T10:24:22","slug":"datenschutz","status":"publish","type":"page","link":"https:\/\/waltzing-matilda.eu\/?page_id=911","title":{"rendered":"Datenschutz"},"content":{"rendered":"\t\t<div data-elementor-type=\"wp-post\" data-elementor-id=\"911\" class=\"elementor elementor-911\">\n\t\t\t\t\t\t<div class=\"elementor-inner\">\n\t\t\t\t<div class=\"elementor-section-wrap\">\n\t\t\t\t\t\t\t\t\t<section class=\"elementor-section elementor-top-section elementor-element elementor-element-31fe327 elementor-section-boxed elementor-section-height-default elementor-section-height-default\" data-id=\"31fe327\" data-element_type=\"section\">\n\t\t\t\t\t\t<div class=\"elementor-container elementor-column-gap-default\">\n\t\t\t\t\t\t\t<div class=\"elementor-row\">\n\t\t\t\t\t<div class=\"elementor-column elementor-col-100 elementor-top-column elementor-element elementor-element-e10070b\" data-id=\"e10070b\" data-element_type=\"column\">\n\t\t\t<div class=\"elementor-column-wrap elementor-element-populated\">\n\t\t\t\t\t\t\t<div class=\"elementor-widget-wrap\">\n\t\t\t\t\t\t<div class=\"elementor-element elementor-element-b5539bb elementor-widget-divider--view-line elementor-widget elementor-widget-divider\" data-id=\"b5539bb\" data-element_type=\"widget\" data-widget_type=\"divider.default\">\n\t\t\t\t<div class=\"elementor-widget-container\">\n\t\t\t\t\t<div class=\"elementor-divider\">\n\t\t\t<span class=\"elementor-divider-separator\">\n\t\t\t\t\t\t<\/span>\n\t\t<\/div>\n\t\t\t\t<\/div>\n\t\t\t\t<\/div>\n\t\t\t\t\t\t<\/div>\n\t\t\t\t\t<\/div>\n\t\t<\/div>\n\t\t\t\t\t\t\t\t<\/div>\n\t\t\t\t\t<\/div>\n\t\t<\/section>\n\t\t\t\t<section class=\"elementor-section elementor-top-section elementor-element elementor-element-5198ef09 elementor-section-boxed elementor-section-height-default elementor-section-height-default\" data-id=\"5198ef09\" data-element_type=\"section\">\n\t\t\t\t\t\t<div class=\"elementor-container elementor-column-gap-default\">\n\t\t\t\t\t\t\t<div class=\"elementor-row\">\n\t\t\t\t\t<div class=\"elementor-column elementor-col-100 elementor-top-column elementor-element elementor-element-14824f34\" data-id=\"14824f34\" data-element_type=\"column\" data-settings=\"{&quot;background_background&quot;:&quot;classic&quot;}\">\n\t\t\t<div class=\"elementor-column-wrap elementor-element-populated\">\n\t\t\t\t\t\t\t<div class=\"elementor-widget-wrap\">\n\t\t\t\t\t\t<div class=\"elementor-element elementor-element-62fe1757 elementor-widget elementor-widget-text-editor\" data-id=\"62fe1757\" data-element_type=\"widget\" data-widget_type=\"text-editor.default\">\n\t\t\t\t<div class=\"elementor-widget-container\">\n\t\t\t\t\t\t\t\t<div class=\"elementor-text-editor elementor-clearfix\">\n\t\t\t\t<div class=\"dataPrivacyPreviewBox blockStandout blockStandoutBorder spaceItem\" data-match-height=\"privacy\"><h2><span style=\"color: #ffffff;\"><strong>Allgemeine Datenschutzerkl\u00e4rung<\/strong><\/span><\/h2><h2><span style=\"color: #ffffff;\">Durch die Nutzung meiner Website erkl\u00e4ren Sie sich mit der Erhebung, Verarbeitung und Nutzung von Daten gem\u00e4\u00df der nachfolgenden Beschreibung einverstanden. Meine Website kann grunds\u00e4tzlich ohne Registrierung besucht werden. Dabei werden Daten wie beispielsweise aufgerufene Seiten bzw. Namen der abgerufenen Datei, Datum und Uhrzeit zu statistischen Zwecken auf dem Server gespeichert, ohne dass diese Daten unmittelbar auf Ihre Person bezogen werden. Personenbezogene Daten, insbesondere Name, Adresse oder E-Mail-Adresse werden soweit m\u00f6glich auf freiwilliger Basis erhoben. Ohne Ihre Einwilligung erfolgt keine Weitergabe der Daten an Dritte.<\/span><\/h2><h2><span style=\"color: #ffffff;\"><strong>Datenschutzerkl\u00e4rung f\u00fcr Google Analytics<\/strong><\/span><\/h2><h2><span style=\"color: #ffffff;\">Meine Website verwendet Google Analytics, einen Webanalysedienst von Google Inc., 1600 Amphitheatre Parkway, Mountain View, CA 94043, USA. Zur Deaktivierung von Google Analytiscs stellt Google unter http:\/\/tools.google.com\/dlpage\/gaoptout?hl=de ein Browser-Plug-In zur Verf\u00fcgung. Google Analytics verwendet Cookies. Das sind kleine Textdateien, die es m\u00f6glich machen, auf dem Endger\u00e4t des Nutzers spezifische, auf den Nutzer bezogene Informationen zu speichern. Diese erm\u00f6glichen eine Analyse der Nutzung meines Websiteangebotes durch Google. Die durch den Cookie erfassten Informationen \u00fcber die Nutzung meiner Seiten (einschlie\u00dflich Ihrer IP-Adresse) werden in der Regel an einen Server von Google in den USA \u00fcbertragen und dort gespeichert. Ich weise darauf hin, dass auf dieser Website Google Analytics um den Code \u201egat._anonymizeIp();\u201c erweitert wurde, um eine anonymisierte Erfassung von IP-Adressen (sog. IP-Masking) zu gew\u00e4hrleisten. Ist die Anonymisierung aktiv, k\u00fcrzt Google IP-Adressen innerhalb von Mitgliedstaaten der Europ\u00e4ischen Union oder in anderen Vertragsstaaten des Abkommens \u00fcber den Europ\u00e4ischen Wirtschaftsraum, weswegen keine R\u00fcckschl\u00fcsse auf Ihre Identit\u00e4t m\u00f6glich sind. Nur in Ausnahmef\u00e4llen wird die volle IP-Adresse an einen Server von Google in den USA \u00fcbertragen und dort gek\u00fcrzt. Google beachtet die Datenschutzbestimmungen des \u201ePrivacy Shield\u201c-Abkommens und ist beim \u201ePrivacy Shield\u201c-Programm des US-Handelsministeriums registriert und nutzt die gesammelten Informationen, um die Nutzung meiner Websites auszuwerten, Berichte f\u00fcr mich diesbez\u00fcglich zu verfassen und andere diesbez\u00fcgliche Dienstleistungen an mich zu erbringen. Mehr erfahren Sie unter<a style=\"color: #ffffff;\" href=\"https:\/\/www.google.com\/intl\/de\/analytics\/privacyoverview.html\"> http:\/\/www.google.com\/intl\/de\/analytics\/privacyoverview.html<\/a>.<\/span><\/h2><h2><span style=\"color: #ffffff;\">Quelle: <\/span><a href=\"https:\/\/www.anwalt.de\/vorlage\/muster-datenschutzerklaerung.php\"><span style=\"color: #ffffff;\">Muster-Datenschutzerkl\u00e4rung von anwalt.de<\/span><\/a><\/h2><\/div><p>\u00a0<\/p>\t\t\t\t\t<\/div>\n\t\t\t\t\t\t<\/div>\n\t\t\t\t<\/div>\n\t\t\t\t\t\t<\/div>\n\t\t\t\t\t<\/div>\n\t\t<\/div>\n\t\t\t\t\t\t\t\t<\/div>\n\t\t\t\t\t<\/div>\n\t\t<\/section>\n\t\t\t\t<section class=\"elementor-section elementor-top-section elementor-element elementor-element-7256237 elementor-section-boxed elementor-section-height-default elementor-section-height-default\" data-id=\"7256237\" data-element_type=\"section\">\n\t\t\t\t\t\t<div class=\"elementor-container elementor-column-gap-default\">\n\t\t\t\t\t\t\t<div class=\"elementor-row\">\n\t\t\t\t\t<div class=\"elementor-column elementor-col-100 elementor-top-column elementor-element elementor-element-3bdc449\" data-id=\"3bdc449\" data-element_type=\"column\">\n\t\t\t<div class=\"elementor-column-wrap\">\n\t\t\t\t\t\t\t<div class=\"elementor-widget-wrap\">\n\t\t\t\t\t\t\t\t<\/div>\n\t\t\t\t\t<\/div>\n\t\t<\/div>\n\t\t\t\t\t\t\t\t<\/div>\n\t\t\t\t\t<\/div>\n\t\t<\/section>\n\t\t\t\t\t\t\t\t\t<\/div>\n\t\t\t<\/div>\n\t\t\t\t\t<\/div>\n\t\t","protected":false},"excerpt":{"rendered":"<p>Allgemeine Datenschutzerkl\u00e4rung Durch die Nutzung meiner Website erkl\u00e4ren Sie sich mit der Erhebung, Verarbeitung und [&hellip;]<\/p>\n","protected":false},"author":1,"featured_media":0,"parent":0,"menu_order":0,"comment_status":"closed","ping_status":"closed","template":"template-full.php","meta":[],"_links":{"self":[{"href":"https:\/\/waltzing-matilda.eu\/index.php?rest_route=\/wp\/v2\/pages\/911"}],"collection":[{"href":"https:\/\/waltzing-matilda.eu\/index.php?rest_route=\/wp\/v2\/pages"}],"about":[{"href":"https:\/\/waltzing-matilda.eu\/index.php?rest_route=\/wp\/v2\/types\/page"}],"author":[{"embeddable":true,"href":"https:\/\/waltzing-matilda.eu\/index.php?rest_route=\/wp\/v2\/users\/1"}],"replies":[{"embeddable":true,"href":"https:\/\/waltzing-matilda.eu\/index.php?rest_route=%2Fwp%2Fv2%2Fcomments&post=911"}],"version-history":[{"count":26,"href":"https:\/\/waltzing-matilda.eu\/index.php?rest_route=\/wp\/v2\/pages\/911\/revisions"}],"predecessor-version":[{"id":38182,"href":"https:\/\/waltzing-matilda.eu\/index.php?rest_route=\/wp\/v2\/pages\/911\/revisions\/38182"}],"wp:attachment":[{"href":"https:\/\/waltzing-matilda.eu\/index.php?rest_route=%2Fwp%2Fv2%2Fmedia&parent=911"}],"curies":[{"name":"wp","href":"https:\/\/api.w.org\/{rel}","templated":true}]}}