{"id":914,"date":"2018-10-17T15:27:33","date_gmt":"2018-10-17T15:27:33","guid":{"rendered":"http:\/\/waltzing-matilda.eu\/?page_id=914"},"modified":"2020-11-23T15:55:50","modified_gmt":"2020-11-23T15:55:50","slug":"impressum","status":"publish","type":"page","link":"https:\/\/waltzing-matilda.eu\/?page_id=914","title":{"rendered":"Impressum"},"content":{"rendered":"\t\t<div data-elementor-type=\"wp-post\" data-elementor-id=\"914\" class=\"elementor elementor-914\">\n\t\t\t\t\t\t<div class=\"elementor-inner\">\n\t\t\t\t<div class=\"elementor-section-wrap\">\n\t\t\t\t\t\t\t\t\t<section class=\"elementor-section elementor-top-section elementor-element elementor-element-0ce7a6c elementor-section-boxed elementor-section-height-default elementor-section-height-default\" data-id=\"0ce7a6c\" data-element_type=\"section\">\n\t\t\t\t\t\t<div class=\"elementor-container elementor-column-gap-default\">\n\t\t\t\t\t\t\t<div class=\"elementor-row\">\n\t\t\t\t\t<div class=\"elementor-column elementor-col-100 elementor-top-column elementor-element elementor-element-2243fae\" data-id=\"2243fae\" data-element_type=\"column\">\n\t\t\t<div class=\"elementor-column-wrap elementor-element-populated\">\n\t\t\t\t\t\t\t<div class=\"elementor-widget-wrap\">\n\t\t\t\t\t\t<div class=\"elementor-element elementor-element-5dae3a7 elementor-widget-divider--view-line elementor-widget elementor-widget-divider\" data-id=\"5dae3a7\" data-element_type=\"widget\" data-widget_type=\"divider.default\">\n\t\t\t\t<div class=\"elementor-widget-container\">\n\t\t\t\t\t<div class=\"elementor-divider\">\n\t\t\t<span class=\"elementor-divider-separator\">\n\t\t\t\t\t\t<\/span>\n\t\t<\/div>\n\t\t\t\t<\/div>\n\t\t\t\t<\/div>\n\t\t\t\t\t\t<\/div>\n\t\t\t\t\t<\/div>\n\t\t<\/div>\n\t\t\t\t\t\t\t\t<\/div>\n\t\t\t\t\t<\/div>\n\t\t<\/section>\n\t\t\t\t<section class=\"elementor-section elementor-top-section elementor-element elementor-element-3d0d1549 elementor-section-boxed elementor-section-height-default elementor-section-height-default\" data-id=\"3d0d1549\" data-element_type=\"section\">\n\t\t\t\t\t\t<div class=\"elementor-container elementor-column-gap-default\">\n\t\t\t\t\t\t\t<div class=\"elementor-row\">\n\t\t\t\t\t<div class=\"elementor-column elementor-col-100 elementor-top-column elementor-element elementor-element-3f6996eb\" data-id=\"3f6996eb\" data-element_type=\"column\" data-settings=\"{&quot;background_background&quot;:&quot;classic&quot;}\">\n\t\t\t<div class=\"elementor-column-wrap elementor-element-populated\">\n\t\t\t\t\t\t\t<div class=\"elementor-widget-wrap\">\n\t\t\t\t\t\t<div class=\"elementor-element elementor-element-1dbc05b0 elementor-widget elementor-widget-text-editor\" data-id=\"1dbc05b0\" data-element_type=\"widget\" data-widget_type=\"text-editor.default\">\n\t\t\t\t<div class=\"elementor-widget-container\">\n\t\t\t\t\t\t\t\t<div class=\"elementor-text-editor elementor-clearfix\">\n\t\t\t\t<h2 id=\"normal\"><strong><span style=\"color: #ffffff;\">\u00a0<span style=\"font-family: verdana; font-size: small;\">Disclaimer \/ Hinweis zur Problematik von externen Links:<\/span><\/span><\/strong><\/h2><table border=\"0\" width=\"90%\"><tbody><tr class=\"2\" valign=\"TOP\"><td align=\"left\"><h2 align=\"justify\"><strong><span style=\"color: #ffffff;\"><span style=\"font-family: verdana; font-size: small;\"> &#8222;Ulrich Klein &#8211; Nordhorn&#8220; (http:\/\/www.waltzing-matilda.eu) ist als Inhaltsanbieter f\u00fcr die eigenen Inhalte, die er zur Nutzung bereith\u00e4lt, nach den allgemeinen Gesetzen verantwortlich. Von diesen eigenen Inhalten sind Querverweise (&#8222;Links&#8220;) auf die von anderen Anbietern bereitgehaltenen Inhalte zu unterscheiden. Durch den Querverweis h\u00e4lt &#8222;Ulrich Klein &#8211; Nordhorn&#8220; insofern &#8222;fremde Inhalte&#8220; zur Nutzung bereit, die <u>durch \u00d6ffnen eines neuen Browserfensters<\/u> gekennzeichnet sind.<br \/>F\u00fcr diese fremden Inhalte ist &#8222;Ulrich Klein &#8211; Nordhorn&#8220; nur dann verantwortlich, wenn von ihnen (d.h. auch von einem rechtswidrigen bzw. strafbaren Inhalt) positive Kenntnis vorliegt und es technisch m\u00f6glich und zumutbar ist, deren Nutzung zu verhindern (\u00a75 Abs.2 TDG).<br \/>Bei &#8222;Links&#8220; handelt es sich allerdings stets um &#8222;lebende&#8220; (dynamische) Verweisungen. &#8222;Ulrich Klein &#8211; Nordhorn&#8220; hat bei der erstmaligen Verkn\u00fcpfung zwar den fremden Inhalt daraufhin \u00fcberpr\u00fcft, ob durch ihn eine m\u00f6gliche zivilrechtliche oder strafrechtliche Verantwortlichkeit ausgel\u00f6st wird. Der Inhaltsanbieter ist aber nach dem TDG nicht dazu verpflichtet, die Inhalte, auf die er in seinem Angebot verweist, st\u00e4ndig auf Ver\u00e4nderungen zu \u00fcberpr\u00fcfen, die eine Verantwortlichkeit neu begr\u00fcnden k\u00f6nnten. Erst wenn er feststellt oder von anderen darauf hingewiesen wird, da\u00df ein konkretes Angebot, zu dem er einen Link bereitgestellt hat, eine zivil- oder strafrechtliche Verantwortlichkeit ausl\u00f6st, wird er den Verweis auf dieses Angebot aufheben, soweit ihm dies technisch m\u00f6glich und zumutbar ist. Die technische M\u00f6glichkeit und Zumutbarkeit wird nicht dadurch beeinflu\u00dft, da\u00df auch nach Unterbindung des Zugriffs von der Homepage der &#8222;Ulrich Klein &#8211; Nordhorn&#8220; von anderen Servern aus auf das rechtswidrige oder strafbare <span style=\"color: #ffffff;\">Angebot zugegriffen werden kann.<\/span><\/span><\/span><\/strong><\/h2><h2><span style=\"color: #000000;\"><strong><span style=\"color: #ffffff;\">Diesen Disclaimer verwende ich auf Anregung der Interessengenmeinschaft &#8222;Freedom for Links e.V&#8220; (haben sich inzwischen leider aufgel\u00f6st) (Hamburg) in Verbindung mit der dort erteilten freundlichen Genehmigung des<\/span><\/strong> <span style=\"color: #ff0000;\"><a style=\"color: #ff0000;\" href=\"http:\/\/www.datenschutz-berlin.de\/\" target=\"_blank\" rel=\"noopener\">Berliner Beauftragten f\u00fcr Datenschutz und Akteneinsicht<\/a><\/span> <strong><span style=\"color: #ffffff;\">(Berlin), von dessen Website ich f\u00fcr meine Zwecke abgeleitet habe.<\/span><\/strong><\/span><\/h2><h2><span style=\"color: #000000; font-family: verdana; font-size: small;\"><br \/><span style=\"color: #ff0000;\"><u>Verantwortung<\/u>:<\/span><\/span><\/h2><h2><span style=\"color: #ff0000;\">Ulrich Klein\u00a0\u00a0\u00a0\u00a0\u00a0\u00a0\u00a0\u00a0\u00a0\u00a0\u00a0\u00a0\u00a0\u00a0\u00a0\u00a0\u00a0\u00a0E-Mail: spezi1942(et)gmx.de <\/span><br \/><span style=\"color: #ff0000;\">F\u00e4rbereistr. 3a<\/span><br \/><span style=\"color: #ff0000;\">D-48527 Nordhorn<\/span><\/h2><\/td><\/tr><\/tbody><\/table>\t\t\t\t\t<\/div>\n\t\t\t\t\t\t<\/div>\n\t\t\t\t<\/div>\n\t\t\t\t\t\t<\/div>\n\t\t\t\t\t<\/div>\n\t\t<\/div>\n\t\t\t\t\t\t\t\t<\/div>\n\t\t\t\t\t<\/div>\n\t\t<\/section>\n\t\t\t\t<section class=\"elementor-section elementor-top-section elementor-element elementor-element-e285c40 elementor-section-boxed elementor-section-height-default elementor-section-height-default\" data-id=\"e285c40\" data-element_type=\"section\">\n\t\t\t\t\t\t<div class=\"elementor-container elementor-column-gap-default\">\n\t\t\t\t\t\t\t<div class=\"elementor-row\">\n\t\t\t\t\t<div class=\"elementor-column elementor-col-100 elementor-top-column elementor-element elementor-element-b94b1d9\" data-id=\"b94b1d9\" data-element_type=\"column\">\n\t\t\t<div class=\"elementor-column-wrap\">\n\t\t\t\t\t\t\t<div class=\"elementor-widget-wrap\">\n\t\t\t\t\t\t\t\t<\/div>\n\t\t\t\t\t<\/div>\n\t\t<\/div>\n\t\t\t\t\t\t\t\t<\/div>\n\t\t\t\t\t<\/div>\n\t\t<\/section>\n\t\t\t\t\t\t\t\t\t<\/div>\n\t\t\t<\/div>\n\t\t\t\t\t<\/div>\n\t\t","protected":false},"excerpt":{"rendered":"<p>\u00a0Disclaimer \/ Hinweis zur Problematik von externen Links: &#8222;Ulrich Klein &#8211; Nordhorn&#8220; (http:\/\/www.waltzing-matilda.eu) ist als [&hellip;]<\/p>\n","protected":false},"author":1,"featured_media":0,"parent":0,"menu_order":0,"comment_status":"closed","ping_status":"closed","template":"template-full.php","meta":[],"_links":{"self":[{"href":"https:\/\/waltzing-matilda.eu\/index.php?rest_route=\/wp\/v2\/pages\/914"}],"collection":[{"href":"https:\/\/waltzing-matilda.eu\/index.php?rest_route=\/wp\/v2\/pages"}],"about":[{"href":"https:\/\/waltzing-matilda.eu\/index.php?rest_route=\/wp\/v2\/types\/page"}],"author":[{"embeddable":true,"href":"https:\/\/waltzing-matilda.eu\/index.php?rest_route=\/wp\/v2\/users\/1"}],"replies":[{"embeddable":true,"href":"https:\/\/waltzing-matilda.eu\/index.php?rest_route=%2Fwp%2Fv2%2Fcomments&post=914"}],"version-history":[{"count":28,"href":"https:\/\/waltzing-matilda.eu\/index.php?rest_route=\/wp\/v2\/pages\/914\/revisions"}],"predecessor-version":[{"id":35921,"href":"https:\/\/waltzing-matilda.eu\/index.php?rest_route=\/wp\/v2\/pages\/914\/revisions\/35921"}],"wp:attachment":[{"href":"https:\/\/waltzing-matilda.eu\/index.php?rest_route=%2Fwp%2Fv2%2Fmedia&parent=914"}],"curies":[{"name":"wp","href":"https:\/\/api.w.org\/{rel}","templated":true}]}}